{"id":1276,"date":"2019-07-19T10:29:43","date_gmt":"2019-07-19T07:29:43","guid":{"rendered":"https:\/\/jersteel.ee\/vent-puhastamine-ja-hooldamine\/"},"modified":"2019-09-08T13:03:08","modified_gmt":"2019-09-08T10:03:08","slug":"ilmanvaihtojarjestelman-huolto-ja-puhdistus","status":"publish","type":"page","link":"https:\/\/jersteel.ee\/fi\/ilmanvaihtojarjestelman-huolto-ja-puhdistus\/","title":{"rendered":"Ilmanvaihtoj\u00e4rjestelm\u00e4n huolto ja puhdistus"},"content":{"rendered":"<p>[et_pb_section fb_built=&#8221;1&#8243; admin_label=&#8221;Hero&#8221; _builder_version=&#8221;3.25.2&#8243; use_background_color_gradient=&#8221;on&#8221; background_color_gradient_start=&#8221;#210b00&#8243; background_color_gradient_end=&#8221;rgba(33,25,21,0)&#8221; background_color_gradient_type=&#8221;radial&#8221; background_color_gradient_direction_radial=&#8221;top right&#8221; background_color_gradient_start_position=&#8221;10%&#8221; background_color_gradient_overlays_image=&#8221;on&#8221; background_image=&#8221;https:\/\/jersteel.ee\/wp-content\/uploads\/2019\/07\/image-0-02-05-416&#215;9.jpg&#8221; custom_padding=&#8221;0|0|80px||false|false&#8221;][et_pb_row column_structure=&#8221;1_3,1_3,1_3&#8243; use_custom_gutter=&#8221;on&#8221; gutter_width=&#8221;1&#8243; custom_padding=&#8221;0|0px|0px|40px|false|false&#8221; _builder_version=&#8221;3.25&#8243; width=&#8221;100%&#8221; max_width=&#8221;100%&#8221; use_custom_width=&#8221;on&#8221; width_unit=&#8221;off&#8221; custom_width_percent=&#8221;100%&#8221;][et_pb_column type=&#8221;1_3&#8243; _builder_version=&#8221;3.25&#8243; custom_padding=&#8221;|||&#8221; custom_padding__hover=&#8221;|||&#8221;][\/et_pb_column][et_pb_column type=&#8221;1_3&#8243; _builder_version=&#8221;3.25&#8243; custom_padding=&#8221;20px|||&#8221; custom_padding__hover=&#8221;|||&#8221;][\/et_pb_column][et_pb_column type=&#8221;1_3&#8243; _builder_version=&#8221;3.25&#8243; custom_padding=&#8221;|||&#8221; custom_padding__hover=&#8221;|||&#8221;][et_pb_cta title=&#8221;TARVITSETKO AMMATILAISTA?&#8221; button_url=&#8221;https:\/\/jersteel.ee\/fi\/tilaus\/&#8221; button_text=&#8221;T\u00e4ytt\u00e4\u00e4 lomake&#8221; _builder_version=&#8221;3.25.2&#8243; header_level=&#8221;h3&#8243; header_font=&#8221;|800||on|||||&#8221; header_letter_spacing=&#8221;1px&#8221; header_line_height=&#8221;1.7em&#8221; body_font=&#8221;Open Sans||||||||&#8221; body_font_size=&#8221;16px&#8221; body_line_height=&#8221;1.8em&#8221; custom_button=&#8221;on&#8221; button_text_size=&#8221;14px&#8221; button_text_color=&#8221;#ffffff&#8221; button_border_width=&#8221;0px&#8221; button_border_radius=&#8221;0px&#8221; button_letter_spacing=&#8221;2px&#8221; button_font=&#8221;Roboto|700||on|||||&#8221; button_icon=&#8221;%%36%%&#8221; button_on_hover=&#8221;off&#8221; text_orientation=&#8221;left&#8221; custom_padding=&#8221;26px||26px||true|false&#8221; custom_padding_tablet=&#8221;|||&#8221; custom_padding_last_edited=&#8221;off|desktop&#8221; animation_style=&#8221;slide&#8221; animation_direction=&#8221;right&#8221; link_option_url_new_window=&#8221;on&#8221; header_font_size_phone=&#8221;16px&#8221; header_font_size_last_edited=&#8221;on|phone&#8221; button_border_radius_hover=&#8221;0px&#8221; button_letter_spacing_hover=&#8221;2px&#8221; button_bg_color_hover=&#8221;rgba(0,0,0,0)&#8221; locked=&#8221;off&#8221; button_text_size__hover_enabled=&#8221;off&#8221; button_one_text_size__hover_enabled=&#8221;off&#8221; button_two_text_size__hover_enabled=&#8221;off&#8221; button_text_color__hover_enabled=&#8221;off&#8221; button_one_text_color__hover_enabled=&#8221;off&#8221; button_two_text_color__hover_enabled=&#8221;off&#8221; button_border_width__hover_enabled=&#8221;off&#8221; button_one_border_width__hover_enabled=&#8221;off&#8221; button_two_border_width__hover_enabled=&#8221;off&#8221; button_border_color__hover_enabled=&#8221;off&#8221; button_one_border_color__hover_enabled=&#8221;off&#8221; button_two_border_color__hover_enabled=&#8221;off&#8221; button_border_radius__hover_enabled=&#8221;on&#8221; button_border_radius__hover=&#8221;0px&#8221; button_one_border_radius__hover_enabled=&#8221;off&#8221; button_two_border_radius__hover_enabled=&#8221;off&#8221; button_letter_spacing__hover_enabled=&#8221;on&#8221; button_letter_spacing__hover=&#8221;2px&#8221; button_one_letter_spacing__hover_enabled=&#8221;off&#8221; button_two_letter_spacing__hover_enabled=&#8221;off&#8221; button_bg_color__hover_enabled=&#8221;on&#8221; button_bg_color__hover=&#8221;rgba(0,0,0,0)&#8221; button_one_bg_color__hover_enabled=&#8221;off&#8221; button_two_bg_color__hover_enabled=&#8221;off&#8221;][\/et_pb_cta][et_pb_button button_url=&#8221;tel:+37255926615&#8243; button_text=&#8221;Tai soito numeroon: +372 5592 6615&#8243; button_alignment=&#8221;right&#8221; _builder_version=&#8221;3.25.2&#8243; custom_button=&#8221;on&#8221; button_text_size=&#8221;16px&#8221; button_text_color=&#8221;#f25b3a&#8221; button_bg_color=&#8221;#ffffff&#8221; button_border_width=&#8221;0px&#8221; button_border_radius=&#8221;0px&#8221; button_letter_spacing=&#8221;1px&#8221; button_font=&#8221;Roboto|700||on|||||&#8221; button_use_icon=&#8221;off&#8221; custom_padding=&#8221;20px|20px|20px|20px|true|true&#8221; animation_style=&#8221;slide&#8221; animation_direction=&#8221;right&#8221; animation_delay=&#8221;100ms&#8221; button_border_radius_hover=&#8221;0px&#8221; button_letter_spacing_hover=&#8221;1px&#8221; locked=&#8221;off&#8221; button_text_size__hover_enabled=&#8221;off&#8221; button_one_text_size__hover_enabled=&#8221;off&#8221; button_two_text_size__hover_enabled=&#8221;off&#8221; button_text_color__hover_enabled=&#8221;off&#8221; button_one_text_color__hover_enabled=&#8221;off&#8221; button_two_text_color__hover_enabled=&#8221;off&#8221; button_border_width__hover_enabled=&#8221;off&#8221; button_one_border_width__hover_enabled=&#8221;off&#8221; button_two_border_width__hover_enabled=&#8221;off&#8221; button_border_color__hover_enabled=&#8221;off&#8221; button_one_border_color__hover_enabled=&#8221;off&#8221; button_two_border_color__hover_enabled=&#8221;off&#8221; button_border_radius__hover_enabled=&#8221;on&#8221; button_border_radius__hover=&#8221;0px&#8221; button_one_border_radius__hover_enabled=&#8221;off&#8221; button_two_border_radius__hover_enabled=&#8221;off&#8221; button_letter_spacing__hover_enabled=&#8221;on&#8221; button_letter_spacing__hover=&#8221;1px&#8221; button_one_letter_spacing__hover_enabled=&#8221;off&#8221; button_two_letter_spacing__hover_enabled=&#8221;off&#8221; button_bg_color__hover_enabled=&#8221;off&#8221; button_one_bg_color__hover_enabled=&#8221;off&#8221; button_two_bg_color__hover_enabled=&#8221;off&#8221;][\/et_pb_button][\/et_pb_column][\/et_pb_row][et_pb_row custom_margin=&#8221;|||&#8221; _builder_version=&#8221;3.25&#8243;][et_pb_column type=&#8221;4_4&#8243; _builder_version=&#8221;3.25&#8243; custom_padding=&#8221;|||&#8221; custom_padding__hover=&#8221;|||&#8221;][et_pb_text _builder_version=&#8221;3.25.2&#8243; text_font=&#8221;Open Sans||||||||&#8221; text_font_size=&#8221;20px&#8221; text_line_height=&#8221;2em&#8221; header_font=&#8221;|800||on|||||&#8221; header_font_size=&#8221;47px&#8221; header_line_height=&#8221;1.4em&#8221; header_4_font=&#8221;|800||on|||||&#8221; header_4_font_size=&#8221;23px&#8221; header_4_letter_spacing=&#8221;0.5px&#8221; background_layout=&#8221;dark&#8221; max_width=&#8221;700px&#8221; hover_enabled=&#8221;0&#8243; text_font_size_phone=&#8221;16px&#8221; text_font_size_last_edited=&#8221;on|phone&#8221; header_font_size_tablet=&#8221;44px&#8221; header_font_size_phone=&#8221;18px&#8221; header_font_size_last_edited=&#8221;on|phone&#8221; header_line_height_tablet=&#8221;1.4em&#8221; header_line_height_phone=&#8221;1.4em&#8221; header_line_height_last_edited=&#8221;on|desktop&#8221;]<\/p>\n<h1>Ilmanvaihtoj\u00e4rjestelm\u00e4n huolto ja puhdistus<\/h1>\n<h4><\/h4>\n<p>[\/et_pb_text][\/et_pb_column][\/et_pb_row][\/et_pb_section][et_pb_section fb_built=&#8221;1&#8243; fullwidth=&#8221;on&#8221; _builder_version=&#8221;3.25.2&#8243; bottom_divider_color=&#8221;#f25b3a&#8221; locked=&#8221;off&#8221;][et_pb_fullwidth_menu menu_id=&#8221;26&#8243; fullwidth_menu=&#8221;on&#8221; active_link_color=&#8221;#f25b3a&#8221; dropdown_menu_text_color=&#8221;rgba(0,0,0,0.6)&#8221; mobile_menu_text_color=&#8221;rgba(0,0,0,0.6)&#8221; _builder_version=&#8221;3.25.2&#8243; menu_font=&#8221;Open Sans|700||on|||||&#8221; menu_text_color=&#8221;rgba(0,0,0,0.6)&#8221; menu_font_size=&#8221;13px&#8221; border_color_bottom=&#8221;#f25b3a&#8221; text_orientation=&#8221;center&#8221;][\/et_pb_fullwidth_menu][\/et_pb_section][et_pb_section fb_built=&#8221;1&#8243; _builder_version=&#8221;3.25.2&#8243; custom_padding=&#8221;0px||3px|||&#8221; locked=&#8221;off&#8221;][et_pb_row custom_padding=&#8221;2px||0px|||&#8221; _builder_version=&#8221;3.25.2&#8243;][et_pb_column type=&#8221;4_4&#8243; _builder_version=&#8221;3.25.2&#8243;][et_pb_divider divider_weight=&#8221;3px&#8221; _builder_version=&#8221;3.25.2&#8243; width=&#8221;50%&#8221; module_alignment=&#8221;center&#8221;][\/et_pb_divider][\/et_pb_column][\/et_pb_row][\/et_pb_section][et_pb_section fb_built=&#8221;1&#8243; _builder_version=&#8221;3.25.2&#8243; custom_padding=&#8221;0px||0px|||&#8221;][et_pb_row disabled_on=&#8221;off|off|off&#8221; _builder_version=&#8221;3.25.2&#8243;][et_pb_column type=&#8221;4_4&#8243; _builder_version=&#8221;3.25&#8243; custom_padding=&#8221;|||&#8221; custom_padding__hover=&#8221;|||&#8221;][et_pb_text _builder_version=&#8221;3.25.2&#8243; text_font=&#8221;Open Sans||||||||&#8221; text_font_size=&#8221;16px&#8221; text_line_height=&#8221;1.8em&#8221; header_font=&#8221;||||||||&#8221; header_3_font=&#8221;|800|||||||&#8221; header_3_text_color=&#8221;#f25b3a&#8221; header_3_font_size=&#8221;24px&#8221; header_3_line_height=&#8221;1.8em&#8221; header_3_font_size_phone=&#8221;18px&#8221; header_3_font_size_last_edited=&#8221;on|phone&#8221; locked=&#8221;off&#8221;]<\/p>\n<h3>Palvelutarjontaamme kuuluvat nuohous , ilmanvaihtoj\u00e4rjestemien huolto:<\/h3>\n<\/p>\n<p>[\/et_pb_text][\/et_pb_column][\/et_pb_row][\/et_pb_section][et_pb_section fb_built=&#8221;1&#8243; admin_label=&#8221;Services&#8221; _builder_version=&#8221;3.22.3&#8243; custom_padding=&#8221;0|0|3px|0px|false|false&#8221; locked=&#8221;off&#8221;][et_pb_row column_structure=&#8221;1_3,1_3,1_3&#8243; custom_padding=&#8221;|||&#8221; custom_margin=&#8221;20px||20px||true&#8221; admin_label=&#8221;Main Services&#8221; _builder_version=&#8221;3.25.2&#8243;][et_pb_column type=&#8221;1_3&#8243; _builder_version=&#8221;3.25&#8243; custom_padding=&#8221;|||&#8221; custom_padding_tablet=&#8221;||40px|&#8221; custom_padding_phone=&#8221;||40px|&#8221; custom_padding_last_edited=&#8221;off|desktop&#8221; custom_padding__hover=&#8221;|||&#8221;][et_pb_blurb title=&#8221;Ilmanvaihtoj\u00e4rjestelm\u00e4n puhdistus&#8221; image=&#8221;https:\/\/jersteel.ee\/wp-content\/uploads\/2019\/07\/vent-system_16x9.jpg&#8221; _builder_version=&#8221;3.25.2&#8243; header_level=&#8221;h3&#8243; header_font=&#8221;Open Sans|800||on|||||&#8221; header_font_size=&#8221;16px&#8221; header_letter_spacing=&#8221;0.5px&#8221; header_line_height=&#8221;1.7em&#8221; body_font=&#8221;Open Sans||||||||&#8221; body_line_height=&#8221;2em&#8221; background_image=&#8221;https:\/\/jersteel.ee\/wp-content\/uploads\/2019\/07\/Rectangle1.png&#8221; background_size=&#8221;initial&#8221; background_position=&#8221;top_left&#8221; custom_padding=&#8221;24px|||24px&#8221; link_option_url=&#8221;https:\/\/jersteel.ee\/fi\/ilmanvaihtojarjestelman-puhdistus\/&#8221; custom_css_blurb_image=&#8221;position: absolute;||  left: 0px;||  top: 0px;||  z-index: -1;&#8221; custom_css_blurb_title=&#8221;padding-top: 200px&#8221;][\/et_pb_blurb][et_pb_button button_url=&#8221;https:\/\/jersteel.ee\/fi\/ilmanvaihtojarjestelman-puhdistus\/&#8221; button_text=&#8221;Lis\u00e4\u00e4&#8221; button_alignment=&#8221;right&#8221; _builder_version=&#8221;3.25.2&#8243; custom_button=&#8221;on&#8221; button_text_size=&#8221;14px&#8221; button_text_color=&#8221;#f25b3a&#8221; button_border_width=&#8221;0px&#8221; button_letter_spacing=&#8221;2px&#8221; button_font=&#8221;Roboto|500||on|||||&#8221; button_icon=&#8221;%%36%%&#8221; button_on_hover=&#8221;off&#8221;][\/et_pb_button][\/et_pb_column][et_pb_column type=&#8221;1_3&#8243; _builder_version=&#8221;3.25&#8243; custom_padding=&#8221;|||&#8221; custom_padding_tablet=&#8221;||40px|&#8221; custom_padding_phone=&#8221;||40px|&#8221; custom_padding_last_edited=&#8221;off|desktop&#8221; custom_padding__hover=&#8221;|||&#8221;][et_pb_blurb title=&#8221;Ilmanvaihtoj\u00e4rjestelm\u00e4n puhdistus kerrostaloissa&#8221; image=&#8221;https:\/\/jersteel.ee\/wp-content\/uploads\/2019\/07\/IMG_20180918_093609-16&#215;9-min.jpg&#8221; _builder_version=&#8221;3.25.2&#8243; header_level=&#8221;h3&#8243; header_font=&#8221;Open Sans|800||on|||||&#8221; header_font_size=&#8221;16px&#8221; header_letter_spacing=&#8221;0.5px&#8221; header_line_height=&#8221;1.7em&#8221; body_font=&#8221;Open Sans||||||||&#8221; body_line_height=&#8221;2em&#8221; background_image=&#8221;https:\/\/jersteel.ee\/wp-content\/uploads\/2019\/07\/Rectangle1.png&#8221; background_size=&#8221;initial&#8221; background_position=&#8221;top_left&#8221; custom_padding=&#8221;24px|||24px&#8221; link_option_url=&#8221;https:\/\/jersteel.ee\/fi\/ilmanvaihtojarjestelman-puhdistus-kerrostaloissa\/&#8221; custom_css_blurb_image=&#8221;position: absolute;||  left: 0px;||  top: 0px;||  z-index: -1;&#8221; custom_css_blurb_title=&#8221;padding-top: 200px&#8221;][\/et_pb_blurb][et_pb_button button_url=&#8221;https:\/\/jersteel.ee\/fi\/ilmanvaihtojarjestelman-puhdistus-kerrostaloissa\/&#8221; button_text=&#8221;Lis\u00e4\u00e4&#8221; button_alignment=&#8221;right&#8221; _builder_version=&#8221;3.25.2&#8243; custom_button=&#8221;on&#8221; button_text_size=&#8221;14px&#8221; button_text_color=&#8221;#f25b3a&#8221; button_border_width=&#8221;0px&#8221; button_letter_spacing=&#8221;2px&#8221; button_font=&#8221;Roboto|500||on|||||&#8221; button_icon=&#8221;%%36%%&#8221; button_on_hover=&#8221;off&#8221;][\/et_pb_button][\/et_pb_column][et_pb_column type=&#8221;1_3&#8243; _builder_version=&#8221;3.25&#8243; background_size=&#8221;initial&#8221; background_position=&#8221;top_left&#8221; custom_padding=&#8221;|||&#8221; custom_padding__hover=&#8221;|||&#8221;][et_pb_blurb title=&#8221;Liesituulettimen puhdistus rasvasta&#8221; image=&#8221;https:\/\/jersteel.ee\/wp-content\/uploads\/2019\/07\/\u0447\u0438\u0441\u0442\u043a\u0430-\u043a\u0443\u0445\u043e\u043d\u043d\u044b\u0445-\u0432\u044b\u0442\u044f\u0436\u0435\u043a-\u043e\u0442-\u0436\u0438\u0440\u0430-1-16&#215;9.jpg&#8221; _builder_version=&#8221;3.25.2&#8243; header_level=&#8221;h3&#8243; header_font=&#8221;Open Sans|800||on|||||&#8221; header_font_size=&#8221;16px&#8221; header_letter_spacing=&#8221;0.5px&#8221; header_line_height=&#8221;1.7em&#8221; body_font=&#8221;Open Sans||||||||&#8221; body_line_height=&#8221;2em&#8221; background_image=&#8221;https:\/\/jersteel.ee\/wp-content\/uploads\/2019\/07\/Rectangle1.png&#8221; background_size=&#8221;initial&#8221; background_position=&#8221;top_left&#8221; custom_padding=&#8221;24px|||24px&#8221; link_option_url=&#8221;https:\/\/jersteel.ee\/fi\/liesituulettimen-puhdistus-rasvasta\/&#8221; custom_css_blurb_image=&#8221;position: absolute;||  left: 0px;||  top: 0px;||  z-index: -1;&#8221; custom_css_blurb_title=&#8221;padding-top: 200px&#8221;][\/et_pb_blurb][et_pb_button button_url=&#8221;https:\/\/jersteel.ee\/fi\/liesituulettimen-puhdistus-rasvasta\/&#8221; button_text=&#8221;Lis\u00e4\u00e4&#8221; button_alignment=&#8221;right&#8221; _builder_version=&#8221;3.25.2&#8243; custom_button=&#8221;on&#8221; button_text_size=&#8221;14px&#8221; button_text_color=&#8221;#f25b3a&#8221; button_border_width=&#8221;0px&#8221; button_letter_spacing=&#8221;2px&#8221; button_font=&#8221;Roboto|500||on|||||&#8221; button_icon=&#8221;%%36%%&#8221; button_on_hover=&#8221;off&#8221;][\/et_pb_button][\/et_pb_column][\/et_pb_row][et_pb_row column_structure=&#8221;1_2,1_2&#8243; use_custom_gutter=&#8221;on&#8221; gutter_width=&#8221;4&#8243; custom_padding=&#8221;|190px||190px||true&#8221; custom_padding_phone=&#8221;|0px||0px||true&#8221; custom_margin=&#8221;20px||20px||true|true&#8221; custom_padding_last_edited=&#8221;on|phone&#8221; admin_label=&#8221;Main Services&#8221; _builder_version=&#8221;3.25.2&#8243;][et_pb_column type=&#8221;1_2&#8243; _builder_version=&#8221;3.25&#8243; custom_padding=&#8221;|||&#8221; custom_padding_tablet=&#8221;||40px|&#8221; custom_padding_phone=&#8221;||40px|&#8221; custom_padding_last_edited=&#8221;off|desktop&#8221; custom_padding__hover=&#8221;|||&#8221;][et_pb_blurb title=&#8221;Ilmanvaihtoj\u00e4rjestelm\u00e4n huolto ja j\u00e4\u00e4hdytysj\u00e4rjestelm\u00e4&#8221; image=&#8221;https:\/\/jersteel.ee\/wp-content\/uploads\/2019\/07\/\u0432\u0435\u043d\u0442\u0438\u043b\u044f\u0446\u0438\u044f-\u0438-\u0441\u0438\u0441\u0442\u0435\u043c\u0430-\u043e\u0445\u043b\u043e\u0436\u0434\u0435\u043d\u0438\u044f-16&#215;9.jpg&#8221; _builder_version=&#8221;3.25.2&#8243; header_level=&#8221;h3&#8243; header_font=&#8221;Open Sans|800||on|||||&#8221; header_font_size=&#8221;16px&#8221; header_letter_spacing=&#8221;0.5px&#8221; header_line_height=&#8221;1.7em&#8221; body_font=&#8221;Open Sans||||||||&#8221; body_line_height=&#8221;2em&#8221; background_image=&#8221;https:\/\/jersteel.ee\/wp-content\/uploads\/2019\/07\/Rectangle1.png&#8221; background_size=&#8221;initial&#8221; background_position=&#8221;top_left&#8221; custom_padding=&#8221;24px|||24px&#8221; link_option_url=&#8221;https:\/\/jersteel.ee\/fi\/ilmanvaihtojarjestelman-huolto\/&#8221; custom_css_blurb_image=&#8221;position: absolute;||  left: 0px;||  top: 0px;||  z-index: -1;&#8221; custom_css_blurb_title=&#8221;padding-top: 200px&#8221;][\/et_pb_blurb][et_pb_button button_url=&#8221;https:\/\/jersteel.ee\/fi\/ilmanvaihtojarjestelman-huolto\/&#8221; button_text=&#8221;Lis\u00e4\u00e4&#8221; button_alignment=&#8221;right&#8221; _builder_version=&#8221;3.25.2&#8243; custom_button=&#8221;on&#8221; button_text_size=&#8221;14px&#8221; button_text_color=&#8221;#f25b3a&#8221; button_border_width=&#8221;0px&#8221; button_letter_spacing=&#8221;2px&#8221; button_font=&#8221;Roboto|500||on|||||&#8221; button_icon=&#8221;%%36%%&#8221; button_on_hover=&#8221;off&#8221;][\/et_pb_button][\/et_pb_column][et_pb_column type=&#8221;1_2&#8243; _builder_version=&#8221;3.25&#8243; custom_padding=&#8221;|||&#8221; custom_padding_tablet=&#8221;||40px|&#8221; custom_padding_phone=&#8221;||40px|&#8221; custom_padding_last_edited=&#8221;off|desktop&#8221; custom_padding__hover=&#8221;|||&#8221;][et_pb_blurb title=&#8221;Tarkastukset <br \/> videon avulla &#8221; image=&#8221;https:\/\/jersteel.ee\/wp-content\/uploads\/2019\/07\/IMG_0165-16&#215;9-min.jpg&#8221; _builder_version=&#8221;3.25.2&#8243; header_level=&#8221;h3&#8243; header_font=&#8221;Open Sans|800||on|||||&#8221; header_font_size=&#8221;16px&#8221; header_letter_spacing=&#8221;0.5px&#8221; header_line_height=&#8221;1.7em&#8221; body_font=&#8221;Open Sans||||||||&#8221; body_line_height=&#8221;2em&#8221; background_image=&#8221;https:\/\/jersteel.ee\/wp-content\/uploads\/2019\/07\/Rectangle1.png&#8221; background_size=&#8221;initial&#8221; background_position=&#8221;top_left&#8221; custom_padding=&#8221;24px|||24px&#8221; link_option_url=&#8221;https:\/\/jersteel.ee\/fi\/tarkastukset-videon-avulla\/&#8221; custom_css_blurb_image=&#8221;position: absolute;||  left: 0px;||  top: 0px;||  z-index: -1;&#8221; custom_css_blurb_title=&#8221;padding-top: 200px&#8221;][\/et_pb_blurb][et_pb_button button_url=&#8221;https:\/\/jersteel.ee\/fi\/tarkastukset-videon-avulla\/&#8221; button_text=&#8221;Lis\u00e4\u00e4&#8221; button_alignment=&#8221;right&#8221; _builder_version=&#8221;3.25.2&#8243; custom_button=&#8221;on&#8221; button_text_size=&#8221;14px&#8221; button_text_color=&#8221;#f25b3a&#8221; button_border_width=&#8221;0px&#8221; button_letter_spacing=&#8221;2px&#8221; button_font=&#8221;Roboto|500||on|||||&#8221; button_icon=&#8221;%%36%%&#8221; button_on_hover=&#8221;off&#8221;][\/et_pb_button][\/et_pb_column][\/et_pb_row][\/et_pb_section][et_pb_section fb_built=&#8221;1&#8243; admin_label=&#8221;Contact Banner&#8221; _builder_version=&#8221;3.22.3&#8243; background_color=&#8221;#f25b3a&#8221; custom_padding=&#8221;20px|0px|20px|0px|true|false&#8221; animation_style=&#8221;slide&#8221; animation_direction=&#8221;bottom&#8221;][et_pb_row column_structure=&#8221;1_2,1_2&#8243; _builder_version=&#8221;3.25&#8243;][et_pb_column type=&#8221;1_2&#8243; _builder_version=&#8221;3.25&#8243; custom_padding=&#8221;|||&#8221; custom_padding__hover=&#8221;|||&#8221;][et_pb_cta button_url=&#8221;https:\/\/jersteel.ee\/fi\/tilaus\/&#8221; button_text=&#8221;T\u00e4ytt\u00e4\u00e4 lomake&#8221; _builder_version=&#8221;3.25.2&#8243; header_font=&#8221;|800|||||||&#8221; body_font=&#8221;|800|||||||&#8221; body_font_size=&#8221;24px&#8221; body_line_height=&#8221;1.8em&#8221; use_background_color=&#8221;off&#8221; custom_button=&#8221;on&#8221; button_text_size=&#8221;17px&#8221; button_border_width=&#8221;0px&#8221; button_letter_spacing=&#8221;0.5px&#8221; button_font=&#8221;Roboto|700||on|||||&#8221; button_icon=&#8221;%%36%%&#8221; button_icon_color=&#8221;#ffffff&#8221; button_on_hover=&#8221;off&#8221; button_alignment=&#8221;left&#8221; button_custom_margin=&#8221;||&#8221; button_custom_padding=&#8221;0px|0px|0px|0px|true|true&#8221; text_orientation=&#8221;left&#8221;]Ota yhteytt\u00e4. Kysy tarjous ja tee tilaus[\/et_pb_cta][\/et_pb_column][et_pb_column type=&#8221;1_2&#8243; _builder_version=&#8221;3.25&#8243; custom_padding=&#8221;|||&#8221; custom_padding__hover=&#8221;|||&#8221;][et_pb_text _builder_version=&#8221;3.25.2&#8243; text_font=&#8221;||||||||&#8221; quote_font=&#8221;||||||||&#8221; header_font=&#8221;||||||||&#8221; header_2_font=&#8221;|800||on|||||&#8221; header_2_font_size=&#8221;44px&#8221; header_2_letter_spacing=&#8221;1px&#8221; header_2_line_height=&#8221;1.8em&#8221; header_3_font=&#8221;||||||||&#8221; header_4_font=&#8221;|800||on|||||&#8221; header_4_font_size=&#8221;16px&#8221; header_4_letter_spacing=&#8221;0.5px&#8221; header_4_line_height=&#8221;1.7em&#8221; text_orientation=&#8221;right&#8221; background_layout=&#8221;dark&#8221; custom_padding=&#8221;|||&#8221; header_2_font_size_phone=&#8221;18px&#8221; header_2_font_size_last_edited=&#8221;on|phone&#8221; locked=&#8221;off&#8221;]<\/p>\n<h4>SOITA<\/h4>\n<h2><a href=\"tel:+37255926615\">+372 5592 6615<\/a><\/h2>\n<p>[\/et_pb_text][\/et_pb_column][\/et_pb_row][\/et_pb_section]<\/p>\n","protected":false},"excerpt":{"rendered":"<p>Ilmanvaihtoj\u00e4rjestelm\u00e4n huolto ja puhdistus Palvelutarjontaamme kuuluvat nuohous , ilmanvaihtoj\u00e4rjestemien huolto: Ota yhteytt\u00e4. Kysy tarjous ja tee tilausSOITA +372 5592 6615<\/p>\n","protected":false},"author":3,"featured_media":0,"parent":0,"menu_order":0,"comment_status":"closed","ping_status":"closed","template":"","meta":{"_et_pb_use_builder":"on","_et_pb_old_content":"","_et_gb_content_width":""},"_links":{"self":[{"href":"https:\/\/jersteel.ee\/fi\/wp-json\/wp\/v2\/pages\/1276"}],"collection":[{"href":"https:\/\/jersteel.ee\/fi\/wp-json\/wp\/v2\/pages"}],"about":[{"href":"https:\/\/jersteel.ee\/fi\/wp-json\/wp\/v2\/types\/page"}],"author":[{"embeddable":true,"href":"https:\/\/jersteel.ee\/fi\/wp-json\/wp\/v2\/users\/3"}],"replies":[{"embeddable":true,"href":"https:\/\/jersteel.ee\/fi\/wp-json\/wp\/v2\/comments?post=1276"}],"version-history":[{"count":0,"href":"https:\/\/jersteel.ee\/fi\/wp-json\/wp\/v2\/pages\/1276\/revisions"}],"wp:attachment":[{"href":"https:\/\/jersteel.ee\/fi\/wp-json\/wp\/v2\/media?parent=1276"}],"curies":[{"name":"wp","href":"https:\/\/api.w.org\/{rel}","templated":true}]}}